{"id":35,"date":"2020-06-06T20:37:44","date_gmt":"2020-06-06T20:37:44","guid":{"rendered":"https:\/\/vetzberg.bibibo.info\/?page_id=35"},"modified":"2023-09-04T10:52:08","modified_gmt":"2023-09-04T10:52:08","slug":"vereine","status":"publish","type":"page","link":"https:\/\/vetzberg.bibibo.info\/?page_id=35","title":{"rendered":"Vereine"},"content":{"rendered":"\n<p><strong><a href=\"https:\/\/vetzberg.bibibo.info\/wp-content\/uploads\/2025\/10\/WhatsApp-Bild-2025-09-29-um-14.26.41_5bf38bc4.jpg?p=15748\">Frauenfu\u00dfball in Vetzberg<\/a><\/strong><br><strong><a href=\"https:\/\/vetzberg.bibibo.info\/wp-content\/uploads\/2025\/10\/WhatsApp-Bild-2025-09-29-um-14.26.41_5bf38bc4.jpg?p=6553\">Fastnachtsumzug der Schlappm\u00e4uler<\/a><\/strong><br><strong><a href=\"https:\/\/vetzberg.bibibo.info\/wp-content\/uploads\/2025\/10\/WhatsApp-Bild-2025-09-29-um-14.26.41_5bf38bc4.jpg?p=125\">Burschen- und M\u00e4dchenschaft &#8222;Einigkeit Vetzberg&#8220;<\/a><\/strong><br><strong><a href=\"https:\/\/vetzberg.bibibo.info\/wp-content\/uploads\/2025\/10\/WhatsApp-Bild-2025-09-29-um-14.26.41_5bf38bc4.jpg?p=127\">Gesangverein &#8222;Eintracht Vetzberg&#8220;<\/a><\/strong><br><strong><a href=\"https:\/\/vetzberg.bibibo.info\/wp-content\/uploads\/2025\/10\/WhatsApp-Bild-2025-09-29-um-14.26.41_5bf38bc4.jpg?p=129\">Stammtisch &#8222;WM-Studio Vetzberg&#8220;<\/a><\/strong><br><strong><a href=\"https:\/\/vetzberg.bibibo.info\/wp-content\/uploads\/2025\/10\/WhatsApp-Bild-2025-09-29-um-14.26.41_5bf38bc4.jpg?p=117\">Sportgemeinschaft &#8222;Gr\u00fcn-Wei\u00df Vetzberg e.V.&#8220;<\/a><\/strong><br><strong><a href=\"https:\/\/vetzberg.bibibo.info\/wp-content\/uploads\/2025\/10\/WhatsApp-Bild-2025-09-29-um-14.26.41_5bf38bc4.jpg?p=41\">Der Vetzberg-Verein<\/a><\/strong><br><br><\/p>\n","protected":false},"excerpt":{"rendered":"<p>Frauenfu\u00dfball in VetzbergFastnachtsumzug der Schlappm\u00e4ulerBurschen- und M\u00e4dchenschaft &#8222;Einigkeit Vetzberg&#8220;Gesangverein &#8222;Eintracht Vetzberg&#8220;Stammtisch &#8222;WM-Studio Vetzberg&#8220;Sportgemeinschaft &#8222;Gr\u00fcn-Wei\u00df Vetzberg e.V.&#8220;Der Vetzberg-Verein<\/p>\n","protected":false},"author":3,"featured_media":0,"parent":0,"menu_order":0,"comment_status":"closed","ping_status":"closed","template":"","meta":{"inspiro_page_layout":"narrow","inspiro_hide_title":false,"footnotes":""},"class_list":["post-35","page","type-page","status-publish","hentry"],"_links":{"self":[{"href":"https:\/\/vetzberg.bibibo.info\/index.php?rest_route=\/wp\/v2\/pages\/35","targetHints":{"allow":["GET"]}}],"collection":[{"href":"https:\/\/vetzberg.bibibo.info\/index.php?rest_route=\/wp\/v2\/pages"}],"about":[{"href":"https:\/\/vetzberg.bibibo.info\/index.php?rest_route=\/wp\/v2\/types\/page"}],"author":[{"embeddable":true,"href":"https:\/\/vetzberg.bibibo.info\/index.php?rest_route=\/wp\/v2\/users\/3"}],"replies":[{"embeddable":true,"href":"https:\/\/vetzberg.bibibo.info\/index.php?rest_route=%2Fwp%2Fv2%2Fcomments&post=35"}],"version-history":[{"count":6,"href":"https:\/\/vetzberg.bibibo.info\/index.php?rest_route=\/wp\/v2\/pages\/35\/revisions"}],"predecessor-version":[{"id":20056,"href":"https:\/\/vetzberg.bibibo.info\/index.php?rest_route=\/wp\/v2\/pages\/35\/revisions\/20056"}],"wp:attachment":[{"href":"https:\/\/vetzberg.bibibo.info\/index.php?rest_route=%2Fwp%2Fv2%2Fmedia&parent=35"}],"curies":[{"name":"wp","href":"https:\/\/api.w.org\/{rel}","templated":true}]}}